{"id":26,"date":"2023-02-22T16:43:08","date_gmt":"2023-02-22T15:43:08","guid":{"rendered":"http:\/\/jan.kancelaria-pleszew.pl\/?page_id=26"},"modified":"2023-02-22T16:43:08","modified_gmt":"2023-02-22T15:43:08","slug":"windykacja","status":"publish","type":"page","link":"https:\/\/jan.kancelaria-pleszew.pl\/index.php\/windykacja\/","title":{"rendered":"Windykacja"},"content":{"rendered":"\n<figure class=\"wp-block-table\"><table><tbody><tr><td>Kancelaria oferuje windykacj\u0119 pojedynczych wierzytelno\u015bci jak i kompleksow\u0105, sta\u0142\u0105 obs\u0142ug\u0119 wierzytelno\u015bci w zakresie negocjacji, post\u0119powania przeds\u0105dowego, monitorowania wp\u0142ywu \u015brodk\u00f3w, post\u0119powania s\u0105dowego i egzekucyjnego ze wszystkich sk\u0142adnik\u00f3w maj\u0105tku d\u0142u\u017cnika.<\/td><\/tr><\/tbody><\/table><\/figure>\n","protected":false},"excerpt":{"rendered":"<p>Kancelaria oferuje windykacj\u0119 pojedynczych wierzytelno\u015bci jak i kompleksow\u0105, sta\u0142\u0105 obs\u0142ug\u0119 wierzytelno\u015bci w zakresie negocjacji, post\u0119powania przeds\u0105dowego, monitorowania wp\u0142ywu \u015brodk\u00f3w, post\u0119powania s\u0105dowego i egzekucyjnego ze wszystkich sk\u0142adnik\u00f3w maj\u0105tku d\u0142u\u017cnika.<\/p>\n","protected":false},"author":1,"featured_media":0,"parent":0,"menu_order":0,"comment_status":"closed","ping_status":"closed","template":"","meta":{"footnotes":""},"class_list":["post-26","page","type-page","status-publish","hentry"],"_links":{"self":[{"href":"https:\/\/jan.kancelaria-pleszew.pl\/index.php\/wp-json\/wp\/v2\/pages\/26","targetHints":{"allow":["GET"]}}],"collection":[{"href":"https:\/\/jan.kancelaria-pleszew.pl\/index.php\/wp-json\/wp\/v2\/pages"}],"about":[{"href":"https:\/\/jan.kancelaria-pleszew.pl\/index.php\/wp-json\/wp\/v2\/types\/page"}],"author":[{"embeddable":true,"href":"https:\/\/jan.kancelaria-pleszew.pl\/index.php\/wp-json\/wp\/v2\/users\/1"}],"replies":[{"embeddable":true,"href":"https:\/\/jan.kancelaria-pleszew.pl\/index.php\/wp-json\/wp\/v2\/comments?post=26"}],"version-history":[{"count":1,"href":"https:\/\/jan.kancelaria-pleszew.pl\/index.php\/wp-json\/wp\/v2\/pages\/26\/revisions"}],"predecessor-version":[{"id":27,"href":"https:\/\/jan.kancelaria-pleszew.pl\/index.php\/wp-json\/wp\/v2\/pages\/26\/revisions\/27"}],"wp:attachment":[{"href":"https:\/\/jan.kancelaria-pleszew.pl\/index.php\/wp-json\/wp\/v2\/media?parent=26"}],"curies":[{"name":"wp","href":"https:\/\/api.w.org\/{rel}","templated":true}]}}