{"id":12,"date":"2023-02-22T12:09:28","date_gmt":"2023-02-22T11:09:28","guid":{"rendered":"http:\/\/jan.kancelaria-pleszew.pl\/?page_id=12"},"modified":"2024-09-10T13:13:19","modified_gmt":"2024-09-10T11:13:19","slug":"oferta-dla-przedsiebiorcow","status":"publish","type":"page","link":"https:\/\/jan.kancelaria-pleszew.pl\/index.php\/oferta-dla-przedsiebiorcow\/","title":{"rendered":"Oferta dla przedsi\u0119biorc\u00f3w"},"content":{"rendered":"\n<p>Kompleksowa obs\u0142uga prawna przedsi\u0119biorc\u00f3w w zakresie prawa gospodarczego, handlowego, cywilnego, prawa administracyjnego i prawa pracy, obejmuj\u0105ca reprezentowanie klient\u00f3w w mediacjach, post\u0119powaniach s\u0105dowych, post\u0119powaniach egzekucyjnych, post\u0119powaniach administracyjnych, post\u0119powaniach rejestrowych, prowadzenie mediacji, windykacje wierzytelno\u015bci i zabezpieczanie roszcze\u0144, a tak\u017ce tworzenie podmiot\u00f3w gospodarczych, przej\u0119cia i przekszta\u0142cenia przedsi\u0119biorstw, restrukturyzacje zad\u0142u\u017ce\u0144, obs\u0142uga prawna proces\u00f3w inwestycyjnych i audyt prawny oraz negocjacje gospodarcze.<\/p>\n","protected":false},"excerpt":{"rendered":"<p>Kompleksowa obs\u0142uga prawna przedsi\u0119biorc\u00f3w w zakresie prawa gospodarczego, handlowego, cywilnego, prawa administracyjnego i prawa pracy, obejmuj\u0105ca reprezentowanie klient\u00f3w w mediacjach, post\u0119powaniach s\u0105dowych, post\u0119powaniach egzekucyjnych, post\u0119powaniach administracyjnych, post\u0119powaniach rejestrowych, prowadzenie mediacji, windykacje wierzytelno\u015bci i zabezpieczanie roszcze\u0144, a tak\u017ce tworzenie podmiot\u00f3w gospodarczych, przej\u0119cia i przekszta\u0142cenia przedsi\u0119biorstw, restrukturyzacje zad\u0142u\u017ce\u0144, obs\u0142uga prawna proces\u00f3w inwestycyjnych i audyt prawny oraz negocjacje gospodarcze.<\/p>\n","protected":false},"author":1,"featured_media":0,"parent":0,"menu_order":0,"comment_status":"closed","ping_status":"closed","template":"","meta":{"footnotes":""},"class_list":["post-12","page","type-page","status-publish","hentry"],"_links":{"self":[{"href":"https:\/\/jan.kancelaria-pleszew.pl\/index.php\/wp-json\/wp\/v2\/pages\/12","targetHints":{"allow":["GET"]}}],"collection":[{"href":"https:\/\/jan.kancelaria-pleszew.pl\/index.php\/wp-json\/wp\/v2\/pages"}],"about":[{"href":"https:\/\/jan.kancelaria-pleszew.pl\/index.php\/wp-json\/wp\/v2\/types\/page"}],"author":[{"embeddable":true,"href":"https:\/\/jan.kancelaria-pleszew.pl\/index.php\/wp-json\/wp\/v2\/users\/1"}],"replies":[{"embeddable":true,"href":"https:\/\/jan.kancelaria-pleszew.pl\/index.php\/wp-json\/wp\/v2\/comments?post=12"}],"version-history":[{"count":1,"href":"https:\/\/jan.kancelaria-pleszew.pl\/index.php\/wp-json\/wp\/v2\/pages\/12\/revisions"}],"predecessor-version":[{"id":13,"href":"https:\/\/jan.kancelaria-pleszew.pl\/index.php\/wp-json\/wp\/v2\/pages\/12\/revisions\/13"}],"wp:attachment":[{"href":"https:\/\/jan.kancelaria-pleszew.pl\/index.php\/wp-json\/wp\/v2\/media?parent=12"}],"curies":[{"name":"wp","href":"https:\/\/api.w.org\/{rel}","templated":true}]}}