{"id":10,"date":"2023-02-22T12:07:56","date_gmt":"2023-02-22T11:07:56","guid":{"rendered":"http:\/\/jan.kancelaria-pleszew.pl\/?page_id=10"},"modified":"2023-02-22T12:07:56","modified_gmt":"2023-02-22T11:07:56","slug":"doswiadczenie","status":"publish","type":"page","link":"https:\/\/jan.kancelaria-pleszew.pl\/","title":{"rendered":"Do\u015bwiadczenie"},"content":{"rendered":"\n<p>Kancelaria prowadzi obs\u0142ug\u0119 prawn\u0105 od roku 1992.<br><br>Jan P\u00f3\u0142torak uzyska\u0142 tytu\u0142 zawodowy radcy prawnego w roku 1992, ko\u0144cz\u0105c aplikacj\u0119 radcowsk\u0105 przed Okr\u0119gow\u0105 Rad\u0105 Radc\u00f3w Prawnych w Poznaniu z wyr\u00f3\u017cnieniem, uzyskuj\u0105c Nagrod\u0119 Dzieka\u0144sk\u0105 i wpisany zosta\u0142 na list\u0119 radc\u00f3w prawnych prowadzon\u0105 przez Okr\u0119gow\u0105 Izb\u0119 Radc\u00f3w Prawnych w Poznaniu, na podstawie uchwa\u0142y Nr XII\/1\/92 z dnia 11 grudnia 1992 r. pod numerem Pz-K1 259\/92<\/p>\n\n\n\n<p>Kancelaria zatrudnia &#8211; poza Patronem &#8211; radc\u0119 prawnego, dw\u00f3ch aplikant\u00f3w oraz wykwalifikowanych pracownik\u00f3w administracji.<br>Kancelaria \u015bci\u015ble wsp\u00f3\u0142pracuje w ramach um\u00f3w cywilnoprawnych z kancelariami z Poznania i Kalisza.<\/p>\n\n\n\n<p>Kancelaria posiada ubezpieczenie od opowiedzialno\u015bci cywilnej<\/p>\n","protected":false},"excerpt":{"rendered":"<p>Kancelaria prowadzi obs\u0142ug\u0119 prawn\u0105 od roku 1992. Jan P\u00f3\u0142torak uzyska\u0142 tytu\u0142 zawodowy radcy prawnego w roku 1992, ko\u0144cz\u0105c aplikacj\u0119 radcowsk\u0105 przed Okr\u0119gow\u0105 Rad\u0105 Radc\u00f3w Prawnych w Poznaniu z wyr\u00f3\u017cnieniem, uzyskuj\u0105c Nagrod\u0119 Dzieka\u0144sk\u0105 i wpisany zosta\u0142 na list\u0119 radc\u00f3w prawnych prowadzon\u0105 przez Okr\u0119gow\u0105 Izb\u0119 Radc\u00f3w Prawnych w Poznaniu, na podstawie uchwa\u0142y Nr XII\/1\/92 z dnia 11 grudnia 1992 r. pod numerem Pz-K1 259\/92 Kancelaria zatrudnia &#8211; poza Patronem &#8211; radc\u0119 prawnego, dw\u00f3ch aplikant\u00f3w oraz wykwalifikowanych pracownik\u00f3w administracji.Kancelaria \u015bci\u015ble wsp\u00f3\u0142pracuje w ramach um\u00f3w cywilnoprawnych z kancelariami z Poznania i Kalisza. Kancelaria posiada ubezpieczenie od opowiedzialno\u015bci cywilnej<\/p>\n","protected":false},"author":1,"featured_media":0,"parent":0,"menu_order":0,"comment_status":"closed","ping_status":"closed","template":"","meta":{"footnotes":""},"class_list":["post-10","page","type-page","status-publish","hentry"],"_links":{"self":[{"href":"https:\/\/jan.kancelaria-pleszew.pl\/index.php\/wp-json\/wp\/v2\/pages\/10","targetHints":{"allow":["GET"]}}],"collection":[{"href":"https:\/\/jan.kancelaria-pleszew.pl\/index.php\/wp-json\/wp\/v2\/pages"}],"about":[{"href":"https:\/\/jan.kancelaria-pleszew.pl\/index.php\/wp-json\/wp\/v2\/types\/page"}],"author":[{"embeddable":true,"href":"https:\/\/jan.kancelaria-pleszew.pl\/index.php\/wp-json\/wp\/v2\/users\/1"}],"replies":[{"embeddable":true,"href":"https:\/\/jan.kancelaria-pleszew.pl\/index.php\/wp-json\/wp\/v2\/comments?post=10"}],"version-history":[{"count":1,"href":"https:\/\/jan.kancelaria-pleszew.pl\/index.php\/wp-json\/wp\/v2\/pages\/10\/revisions"}],"predecessor-version":[{"id":11,"href":"https:\/\/jan.kancelaria-pleszew.pl\/index.php\/wp-json\/wp\/v2\/pages\/10\/revisions\/11"}],"wp:attachment":[{"href":"https:\/\/jan.kancelaria-pleszew.pl\/index.php\/wp-json\/wp\/v2\/media?parent=10"}],"curies":[{"name":"wp","href":"https:\/\/api.w.org\/{rel}","templated":true}]}}